{"id":1958,"date":"2024-05-29T23:57:02","date_gmt":"2024-05-29T23:57:02","guid":{"rendered":"https:\/\/marketing.dengun.com\/social-thank-you\/"},"modified":"2024-05-31T18:40:25","modified_gmt":"2024-05-31T18:40:25","slug":"social-obrigado","status":"publish","type":"page","link":"https:\/\/marketing.dengun.com\/pt-pt\/social-obrigado\/","title":{"rendered":"Thank you page &#8211; Social"},"content":{"rendered":"\t\t<div data-elementor-type=\"wp-page\" data-elementor-id=\"1958\" class=\"elementor elementor-1958 elementor-1937\" data-elementor-post-type=\"page\">\n\t\t\t\t<div class=\"elementor-element elementor-element-05caa3f e-flex e-con-boxed e-con e-parent\" data-id=\"05caa3f\" data-element_type=\"container\">\n\t\t\t\t\t<div class=\"e-con-inner\">\n\t\t\t\t<div class=\"elementor-element elementor-element-9d1ea70 elementor-widget elementor-widget-heading\" data-id=\"9d1ea70\" data-element_type=\"widget\" data-widget_type=\"heading.default\">\n\t\t\t\t<div class=\"elementor-widget-container\">\n\t\t\t<style>\/*! elementor - v3.21.0 - 08-05-2024 *\/\n.elementor-heading-title{padding:0;margin:0;line-height:1}.elementor-widget-heading .elementor-heading-title[class*=elementor-size-]>a{color:inherit;font-size:inherit;line-height:inherit}.elementor-widget-heading .elementor-heading-title.elementor-size-small{font-size:15px}.elementor-widget-heading .elementor-heading-title.elementor-size-medium{font-size:19px}.elementor-widget-heading .elementor-heading-title.elementor-size-large{font-size:29px}.elementor-widget-heading .elementor-heading-title.elementor-size-xl{font-size:39px}.elementor-widget-heading .elementor-heading-title.elementor-size-xxl{font-size:59px}<\/style><h1 class=\"elementor-heading-title elementor-size-default\">Feito! \ud83c\udf89<\/h1>\t\t<\/div>\n\t\t\t\t<\/div>\n\t\t\t\t<div class=\"elementor-element elementor-element-9034aab elementor-widget elementor-widget-text-editor\" data-id=\"9034aab\" data-element_type=\"widget\" data-widget_type=\"text-editor.default\">\n\t\t\t\t<div class=\"elementor-widget-container\">\n\t\t\t<style>\/*! elementor - v3.21.0 - 08-05-2024 *\/\n.elementor-widget-text-editor.elementor-drop-cap-view-stacked .elementor-drop-cap{background-color:#69727d;color:#fff}.elementor-widget-text-editor.elementor-drop-cap-view-framed .elementor-drop-cap{color:#69727d;border:3px solid;background-color:transparent}.elementor-widget-text-editor:not(.elementor-drop-cap-view-default) .elementor-drop-cap{margin-top:8px}.elementor-widget-text-editor:not(.elementor-drop-cap-view-default) .elementor-drop-cap-letter{width:1em;height:1em}.elementor-widget-text-editor .elementor-drop-cap{float:left;text-align:center;line-height:1;font-size:50px}.elementor-widget-text-editor .elementor-drop-cap-letter{display:inline-block}<\/style>\t\t\t\t<p>Vamos responder ao seu contacto assim que poss\u00edvel.<\/p>\t\t\t\t\t\t<\/div>\n\t\t\t\t<\/div>\n\t\t\t\t<div class=\"elementor-element elementor-element-8f68052 elementor-tablet-align-center elementor-mobile-align-center elementor-align-center custom_cta white_cta elementor-widget elementor-widget-button\" data-id=\"8f68052\" data-element_type=\"widget\" data-widget_type=\"button.default\">\n\t\t\t\t<div class=\"elementor-widget-container\">\n\t\t\t\t\t<div class=\"elementor-button-wrapper\">\n\t\t\t<a class=\"elementor-button elementor-button-link elementor-size-sm\" href=\"https:\/\/marketing.dengun.com\/pt-pt\/\">\n\t\t\t\t\t\t<span class=\"elementor-button-content-wrapper\">\n\t\t\t\t\t\t<span class=\"elementor-button-icon elementor-align-icon-right\">\n\t\t\t\t<svg xmlns=\"http:\/\/www.w3.org\/2000\/svg\" width=\"35\" height=\"16\" viewBox=\"0 0 35 16\" fill=\"none\"><path d=\"M33 8L0 8M33 8L26 15M33 8L26 1\" stroke=\"#151515\" stroke-width=\"2\"><\/path><\/svg>\t\t\t<\/span>\n\t\t\t\t\t\t\t\t\t<span class=\"elementor-button-text\">Voltar para Homepage<\/span>\n\t\t\t\t\t<\/span>\n\t\t\t\t\t<\/a>\n\t\t<\/div>\n\t\t\t\t<\/div>\n\t\t\t\t<\/div>\n\t\t\t\t<div class=\"elementor-element elementor-element-a468769 elementor-absolute elementor-view-default elementor-widget elementor-widget-icon\" data-id=\"a468769\" data-element_type=\"widget\" data-settings=\"{&quot;_position&quot;:&quot;absolute&quot;,&quot;motion_fx_motion_fx_mouse&quot;:&quot;yes&quot;,&quot;motion_fx_mouseTrack_effect&quot;:&quot;yes&quot;,&quot;motion_fx_mouseTrack_speed&quot;:{&quot;unit&quot;:&quot;px&quot;,&quot;size&quot;:0.5,&quot;sizes&quot;:[]}}\" data-widget_type=\"icon.default\">\n\t\t\t\t<div class=\"elementor-widget-container\">\n\t\t\t\t\t<div class=\"elementor-icon-wrapper\">\n\t\t\t<div class=\"elementor-icon\">\n\t\t\t<svg xmlns=\"http:\/\/www.w3.org\/2000\/svg\" width=\"73\" height=\"82\" viewBox=\"0 0 73 82\" fill=\"none\"><path d=\"M5.56891 0.706702L72.9819 45.5154L0.46991 81.4924L5.56891 0.706702Z\" fill=\"#E800FF\"><\/path><\/svg>\t\t\t<\/div>\n\t\t<\/div>\n\t\t\t\t<\/div>\n\t\t\t\t<\/div>\n\t\t\t\t<div class=\"elementor-element elementor-element-46d10ae elementor-absolute elementor-view-default elementor-widget elementor-widget-icon\" data-id=\"46d10ae\" data-element_type=\"widget\" data-settings=\"{&quot;_position&quot;:&quot;absolute&quot;,&quot;motion_fx_motion_fx_mouse&quot;:&quot;yes&quot;,&quot;motion_fx_mouseTrack_effect&quot;:&quot;yes&quot;,&quot;motion_fx_mouseTrack_direction&quot;:&quot;negative&quot;,&quot;motion_fx_mouseTrack_speed&quot;:{&quot;unit&quot;:&quot;px&quot;,&quot;size&quot;:0.8,&quot;sizes&quot;:[]}}\" data-widget_type=\"icon.default\">\n\t\t\t\t<div class=\"elementor-widget-container\">\n\t\t\t\t\t<div class=\"elementor-icon-wrapper\">\n\t\t\t<div class=\"elementor-icon\">\n\t\t\t<svg xmlns=\"http:\/\/www.w3.org\/2000\/svg\" xmlns:xlink=\"http:\/\/www.w3.org\/1999\/xlink\" width=\"42px\" height=\"43px\" viewBox=\"0 0 42 43\"><title>form-04<\/title><g id=\"Phase-1\" stroke=\"none\" stroke-width=\"1\" fill=\"none\" fill-rule=\"evenodd\"><circle id=\"form-04\" fill=\"#FFF608\" cx=\"21\" cy=\"21.3941379\" r=\"21\"><\/circle><\/g><\/svg>\t\t\t<\/div>\n\t\t<\/div>\n\t\t\t\t<\/div>\n\t\t\t\t<\/div>\n\t\t\t\t<div class=\"elementor-element elementor-element-50ece85 elementor-absolute elementor-view-default elementor-widget elementor-widget-icon\" data-id=\"50ece85\" data-element_type=\"widget\" data-settings=\"{&quot;_position&quot;:&quot;absolute&quot;,&quot;motion_fx_motion_fx_mouse&quot;:&quot;yes&quot;,&quot;motion_fx_mouseTrack_effect&quot;:&quot;yes&quot;,&quot;motion_fx_mouseTrack_direction&quot;:&quot;negative&quot;,&quot;motion_fx_mouseTrack_speed&quot;:{&quot;unit&quot;:&quot;px&quot;,&quot;size&quot;:0.3,&quot;sizes&quot;:[]}}\" data-widget_type=\"icon.default\">\n\t\t\t\t<div class=\"elementor-widget-container\">\n\t\t\t\t\t<div class=\"elementor-icon-wrapper\">\n\t\t\t<div class=\"elementor-icon\">\n\t\t\t<svg xmlns=\"http:\/\/www.w3.org\/2000\/svg\" width=\"73\" height=\"73\" viewBox=\"0 0 73 73\" fill=\"none\"><rect x=\"16.6177\" width=\"58.1203\" height=\"58.1203\" transform=\"rotate(16.6139 16.6177 0)\" fill=\"#7500E6\"><\/rect><\/svg>\t\t\t<\/div>\n\t\t<\/div>\n\t\t\t\t<\/div>\n\t\t\t\t<\/div>\n\t\t\t\t<div class=\"elementor-element elementor-element-911696c elementor-absolute elementor-view-default elementor-widget elementor-widget-icon\" data-id=\"911696c\" data-element_type=\"widget\" data-settings=\"{&quot;_position&quot;:&quot;absolute&quot;,&quot;motion_fx_motion_fx_mouse&quot;:&quot;yes&quot;,&quot;motion_fx_mouseTrack_effect&quot;:&quot;yes&quot;,&quot;motion_fx_mouseTrack_speed&quot;:{&quot;unit&quot;:&quot;px&quot;,&quot;size&quot;:1,&quot;sizes&quot;:[]}}\" data-widget_type=\"icon.default\">\n\t\t\t\t<div class=\"elementor-widget-container\">\n\t\t\t\t\t<div class=\"elementor-icon-wrapper\">\n\t\t\t<div class=\"elementor-icon\">\n\t\t\t<svg xmlns=\"http:\/\/www.w3.org\/2000\/svg\" width=\"95\" height=\"100\" viewBox=\"0 0 95 100\" fill=\"none\"><rect x=\"15.4248\" y=\"0.311768\" width=\"116.072\" height=\"20.9696\" transform=\"rotate(47.3562 15.4248 0.311768)\" fill=\"#00FFE6\"><\/rect><\/svg>\t\t\t<\/div>\n\t\t<\/div>\n\t\t\t\t<\/div>\n\t\t\t\t<\/div>\n\t\t\t\t\t<\/div>\n\t\t\t\t<\/div>\n\t\t\t\t<\/div>\n\t\t","protected":false},"excerpt":{"rendered":"<p>Feito! \ud83c\udf89 Vamos responder ao seu contacto assim que poss\u00edvel. Voltar para Homepage form-04<\/p>\n","protected":false},"author":4,"featured_media":1070,"parent":0,"menu_order":0,"comment_status":"closed","ping_status":"closed","template":"elementor_header_footer","meta":{"footnotes":""},"yoast_head":"<!-- This site is optimized with the Yoast SEO Premium plugin v20.5 (Yoast SEO v22.6) - https:\/\/yoast.com\/wordpress\/plugins\/seo\/ -->\n<title>Dengun Startup Studio &amp; Ag\u00eancia Digital<\/title>\n<meta name=\"description\" content=\"Somos um Startup Studio e Ag\u00eancia Digital que o ajudar\u00e1 a prosperar no mundo digital. Disponibilizamos desenvolvimento web, marketing digital, entre outros.\" \/>\n<meta name=\"robots\" content=\"index, follow, max-snippet:-1, max-image-preview:large, max-video-preview:-1\" \/>\n<link rel=\"canonical\" href=\"https:\/\/marketing.dengun.com\/pt-pt\/social-obrigado\/\" \/>\n<meta property=\"og:locale\" content=\"pt_PT\" \/>\n<meta property=\"og:type\" content=\"article\" \/>\n<meta property=\"og:title\" content=\"Thank you page - Social\" \/>\n<meta property=\"og:description\" content=\"Somos um Startup Studio e Ag\u00eancia Digital que o ajudar\u00e1 a prosperar no mundo digital. Disponibilizamos desenvolvimento web, marketing digital, entre outros.\" \/>\n<meta property=\"og:url\" content=\"https:\/\/marketing.dengun.com\/pt-pt\/social-obrigado\/\" \/>\n<meta property=\"og:site_name\" content=\"Dengun\" \/>\n<meta property=\"article:modified_time\" content=\"2024-05-31T18:40:25+00:00\" \/>\n<meta property=\"og:image\" content=\"https:\/\/marketing.dengun.com\/wp-content\/uploads\/2024\/05\/dengun_thumbnail.png\" \/>\n\t<meta property=\"og:image:width\" content=\"200\" \/>\n\t<meta property=\"og:image:height\" content=\"200\" \/>\n\t<meta property=\"og:image:type\" content=\"image\/png\" \/>\n<meta name=\"twitter:card\" content=\"summary_large_image\" \/>\n<meta name=\"twitter:label1\" content=\"Est. reading time\" \/>\n\t<meta name=\"twitter:data1\" content=\"1 minuto\" \/>\n<script type=\"application\/ld+json\" class=\"yoast-schema-graph\">{\"@context\":\"https:\/\/schema.org\",\"@graph\":[{\"@type\":\"WebPage\",\"@id\":\"https:\/\/marketing.dengun.com\/pt-pt\/social-obrigado\/\",\"url\":\"https:\/\/marketing.dengun.com\/pt-pt\/social-obrigado\/\",\"name\":\"Dengun Startup Studio & Ag\u00eancia Digital\",\"isPartOf\":{\"@id\":\"https:\/\/marketing.dengun.com\/#website\"},\"primaryImageOfPage\":{\"@id\":\"https:\/\/marketing.dengun.com\/pt-pt\/social-obrigado\/#primaryimage\"},\"image\":{\"@id\":\"https:\/\/marketing.dengun.com\/pt-pt\/social-obrigado\/#primaryimage\"},\"thumbnailUrl\":\"https:\/\/marketing.dengun.com\/wp-content\/uploads\/2024\/05\/dengun_thumbnail.png\",\"datePublished\":\"2024-05-29T23:57:02+00:00\",\"dateModified\":\"2024-05-31T18:40:25+00:00\",\"description\":\"Somos um Startup Studio e Ag\u00eancia Digital que o ajudar\u00e1 a prosperar no mundo digital. Disponibilizamos desenvolvimento web, marketing digital, entre outros.\",\"breadcrumb\":{\"@id\":\"https:\/\/marketing.dengun.com\/pt-pt\/social-obrigado\/#breadcrumb\"},\"inLanguage\":\"pt-PT\",\"potentialAction\":[{\"@type\":\"ReadAction\",\"target\":[\"https:\/\/marketing.dengun.com\/pt-pt\/social-obrigado\/\"]}]},{\"@type\":\"ImageObject\",\"inLanguage\":\"pt-PT\",\"@id\":\"https:\/\/marketing.dengun.com\/pt-pt\/social-obrigado\/#primaryimage\",\"url\":\"https:\/\/marketing.dengun.com\/wp-content\/uploads\/2024\/05\/dengun_thumbnail.png\",\"contentUrl\":\"https:\/\/marketing.dengun.com\/wp-content\/uploads\/2024\/05\/dengun_thumbnail.png\",\"width\":200,\"height\":200},{\"@type\":\"BreadcrumbList\",\"@id\":\"https:\/\/marketing.dengun.com\/pt-pt\/social-obrigado\/#breadcrumb\",\"itemListElement\":[{\"@type\":\"ListItem\",\"position\":1,\"name\":\"Home\",\"item\":\"https:\/\/marketing.dengun.com\/pt-pt\/agencia\/\"},{\"@type\":\"ListItem\",\"position\":2,\"name\":\"Thank you page &#8211; Social\"}]},{\"@type\":\"WebSite\",\"@id\":\"https:\/\/marketing.dengun.com\/#website\",\"url\":\"https:\/\/marketing.dengun.com\/\",\"name\":\"Dengun\",\"description\":\"Startup Studio &amp; Digital Agency\",\"publisher\":{\"@id\":\"https:\/\/marketing.dengun.com\/#organization\"},\"potentialAction\":[{\"@type\":\"SearchAction\",\"target\":{\"@type\":\"EntryPoint\",\"urlTemplate\":\"https:\/\/marketing.dengun.com\/?s={search_term_string}\"},\"query-input\":\"required name=search_term_string\"}],\"inLanguage\":\"pt-PT\"},{\"@type\":\"Organization\",\"@id\":\"https:\/\/marketing.dengun.com\/#organization\",\"name\":\"Dengun\",\"url\":\"https:\/\/marketing.dengun.com\/\",\"logo\":{\"@type\":\"ImageObject\",\"inLanguage\":\"pt-PT\",\"@id\":\"https:\/\/marketing.dengun.com\/#\/schema\/logo\/image\/\",\"url\":\"https:\/\/marketing.dengun.com\/wp-content\/uploads\/2024\/05\/dengun_logo_white_medium.png\",\"contentUrl\":\"https:\/\/marketing.dengun.com\/wp-content\/uploads\/2024\/05\/dengun_logo_white_medium.png\",\"width\":161,\"height\":33,\"caption\":\"Dengun\"},\"image\":{\"@id\":\"https:\/\/marketing.dengun.com\/#\/schema\/logo\/image\/\"}}]}<\/script>\n<!-- \/ Yoast SEO Premium plugin. -->","yoast_head_json":{"title":"Dengun Startup Studio & Ag\u00eancia Digital","description":"Somos um Startup Studio e Ag\u00eancia Digital que o ajudar\u00e1 a prosperar no mundo digital. Disponibilizamos desenvolvimento web, marketing digital, entre outros.","robots":{"index":"index","follow":"follow","max-snippet":"max-snippet:-1","max-image-preview":"max-image-preview:large","max-video-preview":"max-video-preview:-1"},"canonical":"https:\/\/marketing.dengun.com\/pt-pt\/social-obrigado\/","og_locale":"pt_PT","og_type":"article","og_title":"Thank you page - Social","og_description":"Somos um Startup Studio e Ag\u00eancia Digital que o ajudar\u00e1 a prosperar no mundo digital. Disponibilizamos desenvolvimento web, marketing digital, entre outros.","og_url":"https:\/\/marketing.dengun.com\/pt-pt\/social-obrigado\/","og_site_name":"Dengun","article_modified_time":"2024-05-31T18:40:25+00:00","og_image":[{"width":200,"height":200,"url":"https:\/\/marketing.dengun.com\/wp-content\/uploads\/2024\/05\/dengun_thumbnail.png","type":"image\/png"}],"twitter_card":"summary_large_image","twitter_misc":{"Est. reading time":"1 minuto"},"schema":{"@context":"https:\/\/schema.org","@graph":[{"@type":"WebPage","@id":"https:\/\/marketing.dengun.com\/pt-pt\/social-obrigado\/","url":"https:\/\/marketing.dengun.com\/pt-pt\/social-obrigado\/","name":"Dengun Startup Studio & Ag\u00eancia Digital","isPartOf":{"@id":"https:\/\/marketing.dengun.com\/#website"},"primaryImageOfPage":{"@id":"https:\/\/marketing.dengun.com\/pt-pt\/social-obrigado\/#primaryimage"},"image":{"@id":"https:\/\/marketing.dengun.com\/pt-pt\/social-obrigado\/#primaryimage"},"thumbnailUrl":"https:\/\/marketing.dengun.com\/wp-content\/uploads\/2024\/05\/dengun_thumbnail.png","datePublished":"2024-05-29T23:57:02+00:00","dateModified":"2024-05-31T18:40:25+00:00","description":"Somos um Startup Studio e Ag\u00eancia Digital que o ajudar\u00e1 a prosperar no mundo digital. Disponibilizamos desenvolvimento web, marketing digital, entre outros.","breadcrumb":{"@id":"https:\/\/marketing.dengun.com\/pt-pt\/social-obrigado\/#breadcrumb"},"inLanguage":"pt-PT","potentialAction":[{"@type":"ReadAction","target":["https:\/\/marketing.dengun.com\/pt-pt\/social-obrigado\/"]}]},{"@type":"ImageObject","inLanguage":"pt-PT","@id":"https:\/\/marketing.dengun.com\/pt-pt\/social-obrigado\/#primaryimage","url":"https:\/\/marketing.dengun.com\/wp-content\/uploads\/2024\/05\/dengun_thumbnail.png","contentUrl":"https:\/\/marketing.dengun.com\/wp-content\/uploads\/2024\/05\/dengun_thumbnail.png","width":200,"height":200},{"@type":"BreadcrumbList","@id":"https:\/\/marketing.dengun.com\/pt-pt\/social-obrigado\/#breadcrumb","itemListElement":[{"@type":"ListItem","position":1,"name":"Home","item":"https:\/\/marketing.dengun.com\/pt-pt\/agencia\/"},{"@type":"ListItem","position":2,"name":"Thank you page &#8211; Social"}]},{"@type":"WebSite","@id":"https:\/\/marketing.dengun.com\/#website","url":"https:\/\/marketing.dengun.com\/","name":"Dengun","description":"Startup Studio &amp; Digital Agency","publisher":{"@id":"https:\/\/marketing.dengun.com\/#organization"},"potentialAction":[{"@type":"SearchAction","target":{"@type":"EntryPoint","urlTemplate":"https:\/\/marketing.dengun.com\/?s={search_term_string}"},"query-input":"required name=search_term_string"}],"inLanguage":"pt-PT"},{"@type":"Organization","@id":"https:\/\/marketing.dengun.com\/#organization","name":"Dengun","url":"https:\/\/marketing.dengun.com\/","logo":{"@type":"ImageObject","inLanguage":"pt-PT","@id":"https:\/\/marketing.dengun.com\/#\/schema\/logo\/image\/","url":"https:\/\/marketing.dengun.com\/wp-content\/uploads\/2024\/05\/dengun_logo_white_medium.png","contentUrl":"https:\/\/marketing.dengun.com\/wp-content\/uploads\/2024\/05\/dengun_logo_white_medium.png","width":161,"height":33,"caption":"Dengun"},"image":{"@id":"https:\/\/marketing.dengun.com\/#\/schema\/logo\/image\/"}}]}},"_links":{"self":[{"href":"https:\/\/marketing.dengun.com\/pt-pt\/wp-json\/wp\/v2\/pages\/1958"}],"collection":[{"href":"https:\/\/marketing.dengun.com\/pt-pt\/wp-json\/wp\/v2\/pages"}],"about":[{"href":"https:\/\/marketing.dengun.com\/pt-pt\/wp-json\/wp\/v2\/types\/page"}],"author":[{"embeddable":true,"href":"https:\/\/marketing.dengun.com\/pt-pt\/wp-json\/wp\/v2\/users\/4"}],"replies":[{"embeddable":true,"href":"https:\/\/marketing.dengun.com\/pt-pt\/wp-json\/wp\/v2\/comments?post=1958"}],"version-history":[{"count":4,"href":"https:\/\/marketing.dengun.com\/pt-pt\/wp-json\/wp\/v2\/pages\/1958\/revisions"}],"predecessor-version":[{"id":1962,"href":"https:\/\/marketing.dengun.com\/pt-pt\/wp-json\/wp\/v2\/pages\/1958\/revisions\/1962"}],"wp:featuredmedia":[{"embeddable":true,"href":"https:\/\/marketing.dengun.com\/pt-pt\/wp-json\/wp\/v2\/media\/1070"}],"wp:attachment":[{"href":"https:\/\/marketing.dengun.com\/pt-pt\/wp-json\/wp\/v2\/media?parent=1958"}],"curies":[{"name":"wp","href":"https:\/\/api.w.org\/{rel}","templated":true}]}}